{"id":723,"date":"2021-07-02T19:14:09","date_gmt":"2021-07-02T17:14:09","guid":{"rendered":"https:\/\/www.treehouse-villas.de\/?page_id=723"},"modified":"2024-04-19T13:24:15","modified_gmt":"2024-04-19T11:24:15","slug":"preise","status":"publish","type":"page","link":"https:\/\/www.treehouse-villas.de\/en\/preise\/","title":{"rendered":"Preise"},"content":{"rendered":"<p>[et_pb_section fb_built=&#8220;1&#8243; _builder_version=&#8220;4.7.7&#8243; _module_preset=&#8220;default&#8220;][et_pb_row _builder_version=&#8220;4.7.7&#8243; _module_preset=&#8220;default&#8220; custom_margin=&#8220;-70px|auto||auto||&#8220; custom_padding=&#8220;||42px|||&#8220;][et_pb_column type=&#8220;4_4&#8243; _builder_version=&#8220;4.7.7&#8243; _module_preset=&#8220;default&#8220;][et_pb_image src=&#8220;https:\/\/www.treehouse-villas.de\/wp-content\/uploads\/2021\/03\/2020-01-27-15-26-02-scaled.jpg&#8220; _builder_version=&#8220;4.7.7&#8243; _module_preset=&#8220;default&#8220; min_height=&#8220;644.1px&#8220; custom_padding=&#8220;||0px|||&#8220; hover_enabled=&#8220;0&#8243; sticky_enabled=&#8220;0&#8243;][\/et_pb_image][\/et_pb_column][\/et_pb_row][et_pb_row _builder_version=&#8220;4.7.7&#8243; _module_preset=&#8220;default&#8220;][et_pb_column type=&#8220;4_4&#8243; _builder_version=&#8220;4.7.7&#8243; _module_preset=&#8220;default&#8220;][et_pb_text _builder_version=&#8220;4.7.7&#8243; _module_preset=&#8220;default&#8220; custom_margin=&#8220;-39px|||||&#8220;]<\/p>\n<p><span style=\"text-decoration: underline; font-size: large;\"><strong>Sehr geehrte G\u00e4ste,<\/strong><\/span><\/p>\n<p><span style=\"text-decoration: underline; font-size: large;\"><strong>unsere Preise sind je nach Saison, je nach Buchung Haus oder Baumhaus oder beides zusammen sowie von der Anzahl der Personen sehr individuell. Bitte fragen Sie den Preis f\u00fcr Ihren Wunschtermin per Mail,<\/strong> <strong>WhatsApp oder telefonsich bei Frau Schuster an.<\/strong><\/span><\/p>\n<p>&nbsp;<\/p>\n<p>[\/et_pb_text][\/et_pb_column][\/et_pb_row][et_pb_row column_structure=&#8220;1_2,1_2&#8243; _builder_version=&#8220;4.7.7&#8243; _module_preset=&#8220;default&#8220;][et_pb_column type=&#8220;1_2&#8243; _builder_version=&#8220;4.7.7&#8243; _module_preset=&#8220;default&#8220;][et_pb_image src=&#8220;https:\/\/www.treehouse-villas.de\/wp-content\/uploads\/2021\/03\/Logo-Treehouse-Villa.gif&#8220; _builder_version=&#8220;4.7.7&#8243; _module_preset=&#8220;default&#8220;][\/et_pb_image][\/et_pb_column][et_pb_column type=&#8220;1_2&#8243; _builder_version=&#8220;4.7.7&#8243; _module_preset=&#8220;default&#8220;][et_pb_pricing_tables show_bullet=&#8220;off&#8220; _builder_version=&#8220;4.7.7&#8243; _module_preset=&#8220;default&#8220;][et_pb_pricing_table title=&#8220;Haupthaus&#8220; subtitle=&#8220;Preise pro Tag ab&#8220; currency=&#8220;siehe Text oben&#8220; _builder_version=&#8220;4.7.7&#8243; _module_preset=&#8220;default&#8220; sticky_transition=&#8220;on&#8220;]<\/p>\n<ul class=\"et_pb_pricing\">\n<ul class=\"et_pb_pricing\">\n<ul class=\"et_pb_pricing\">\n<ul class=\"et_pb_pricing\">\n<ul class=\"et_pb_pricing\">\n<li><span><span>Im Haupthaus befinden sich 3 Schlafzimmern. Die Schlafzimmer sind mit Doppelbetten und eigenem Badezimmer sowie ein\u00a0 Kinderzimmer mit Hochbett.<\/span><\/span><\/li>\n<\/ul>\n<\/ul>\n<\/ul>\n<\/ul>\n<\/ul>\n<p>&nbsp;<\/p>\n<p>&nbsp;<\/p>\n<p>&nbsp;<\/p>\n<p>&nbsp;<\/p>\n<p>[\/et_pb_pricing_table][et_pb_pricing_table title=&#8220;Baumhaus&#8220; subtitle=&#8220;Preise pro Tag ab&#8220; currency=&#8220;siehe Text oben&#8220; _builder_version=&#8220;4.7.7&#8243; _module_preset=&#8220;default&#8220; sticky_transition=&#8220;on&#8220;]<\/p>\n<p>Das romantische Baumhaus verf\u00fcgt \u00fcber Schlafzimmer mit Doppelbett, sowie ein Wohnzimmer und ein Kinderzimmer f\u00fcr zwei Kinder. Das Bauhaus ist mit einem eigenen Badezimmer ausgestattet.<\/p>\n<p>&nbsp;<\/p>\n<p>&nbsp;<\/p>\n<p>&nbsp;<\/p>\n<p>[\/et_pb_pricing_table][\/et_pb_pricing_tables][\/et_pb_column][\/et_pb_row][\/et_pb_section]<\/p>\n","protected":false},"excerpt":{"rendered":"<p>[et_pb_section fb_built=&#8220;1&#8243; _builder_version=&#8220;4.7.7&#8243; _module_preset=&#8220;default&#8220;][et_pb_row _builder_version=&#8220;4.7.7&#8243; _module_preset=&#8220;default&#8220; custom_margin=&#8220;-70px|auto||auto||&#8220; custom_padding=&#8220;||42px|||&#8220;][et_pb_column type=&#8220;4_4&#8243; _builder_version=&#8220;4.7.7&#8243; _module_preset=&#8220;default&#8220;][et_pb_image src=&#8220;https:\/\/www.treehouse-villas.de\/wp-content\/uploads\/2021\/03\/2020-01-27-15-26-02-scaled.jpg&#8220; _builder_version=&#8220;4.7.7&#8243; _module_preset=&#8220;default&#8220; min_height=&#8220;644.1px&#8220; custom_padding=&#8220;||0px|||&#8220; hover_enabled=&#8220;0&#8243; sticky_enabled=&#8220;0&#8243;][\/et_pb_image][\/et_pb_column][\/et_pb_row][et_pb_row _builder_version=&#8220;4.7.7&#8243; _module_preset=&#8220;default&#8220;][et_pb_column type=&#8220;4_4&#8243; _builder_version=&#8220;4.7.7&#8243; _module_preset=&#8220;default&#8220;][et_pb_text _builder_version=&#8220;4.7.7&#8243; _module_preset=&#8220;default&#8220; custom_margin=&#8220;-39px|||||&#8220;] Sehr geehrte G\u00e4ste, unsere Preise sind je nach Saison, je nach Buchung Haus oder Baumhaus oder beides zusammen sowie von der Anzahl der Personen sehr individuell. Bitte fragen Sie [&hellip;]<\/p>\n","protected":false},"author":1,"featured_media":0,"parent":0,"menu_order":0,"comment_status":"closed","ping_status":"closed","template":"","meta":{"_et_pb_use_builder":"on","_et_pb_old_content":"","_et_gb_content_width":"","footnotes":""},"class_list":["post-723","page","type-page","status-publish","hentry"],"_links":{"self":[{"href":"https:\/\/www.treehouse-villas.de\/en\/wp-json\/wp\/v2\/pages\/723","targetHints":{"allow":["GET"]}}],"collection":[{"href":"https:\/\/www.treehouse-villas.de\/en\/wp-json\/wp\/v2\/pages"}],"about":[{"href":"https:\/\/www.treehouse-villas.de\/en\/wp-json\/wp\/v2\/types\/page"}],"author":[{"embeddable":true,"href":"https:\/\/www.treehouse-villas.de\/en\/wp-json\/wp\/v2\/users\/1"}],"replies":[{"embeddable":true,"href":"https:\/\/www.treehouse-villas.de\/en\/wp-json\/wp\/v2\/comments?post=723"}],"version-history":[{"count":9,"href":"https:\/\/www.treehouse-villas.de\/en\/wp-json\/wp\/v2\/pages\/723\/revisions"}],"predecessor-version":[{"id":773,"href":"https:\/\/www.treehouse-villas.de\/en\/wp-json\/wp\/v2\/pages\/723\/revisions\/773"}],"wp:attachment":[{"href":"https:\/\/www.treehouse-villas.de\/en\/wp-json\/wp\/v2\/media?parent=723"}],"curies":[{"name":"wp","href":"https:\/\/api.w.org\/{rel}","templated":true}]}}